{"id":156,"date":"2020-08-25T23:35:45","date_gmt":"2020-08-25T23:35:45","guid":{"rendered":"http:\/\/www.ljvsa.com.ar\/ciber\/?page_id=156"},"modified":"2026-02-22T15:23:36","modified_gmt":"2026-02-22T15:23:36","slug":"ljv-sa","status":"publish","type":"page","link":"https:\/\/www.ljvsa.com.ar\/ciber\/","title":{"rendered":"LJVSA &#8211; Ciberseguridad y Resiliencia Operativa"},"content":{"rendered":"<h2>Ciberseguridad y Resiliencia Operativa<\/h2>\n<p>Atendiendo los desaf\u00edos del mundo digital, inauguramos nuestra \u00e1rea de protecci\u00f3n de infraestructuras y cumplimiento normativo. Liderada por expertos con trayectoria en Defensa Nacional, Telecomunicaciones y Finanzas, dise\u00f1amos escudos integrales para blindar sus activos m\u00e1s valiosos.<\/p>\n<p>Alineados con est\u00e1ndares internacionales (NIST, ISO 27001, MITRE ATT&amp;CK), brindamos soluciones de Assessment, simulaciones ofensivas (Red Team \/ Pentesting) y programas de concienciaci\u00f3n. Integramos Inteligencia Artificial y arquitecturas Cloud para garantizar la continuidad de su negocio frente a cualquier disrupci\u00f3n.<\/p>\n<p>Mejoramos d\u00eda a d\u00eda para entregarle tecnolog\u00eda robusta, seguridad inquebrantable y soluciones precisas, siempre en tiempo y forma.<\/p>\n","protected":false},"excerpt":{"rendered":"<p>Ciberseguridad y Resiliencia Operativa Atendiendo los desaf\u00edos del mundo digital, inauguramos nuestra \u00e1rea de protecci\u00f3n de infraestructuras y cumplimiento normativo. Liderada por [&hellip;]<\/p>\n","protected":false},"author":1,"featured_media":0,"parent":0,"menu_order":0,"comment_status":"closed","ping_status":"closed","template":"","meta":[],"_links":{"self":[{"href":"https:\/\/www.ljvsa.com.ar\/ciber\/index.php?rest_route=\/wp\/v2\/pages\/156"}],"collection":[{"href":"https:\/\/www.ljvsa.com.ar\/ciber\/index.php?rest_route=\/wp\/v2\/pages"}],"about":[{"href":"https:\/\/www.ljvsa.com.ar\/ciber\/index.php?rest_route=\/wp\/v2\/types\/page"}],"author":[{"embeddable":true,"href":"https:\/\/www.ljvsa.com.ar\/ciber\/index.php?rest_route=\/wp\/v2\/users\/1"}],"replies":[{"embeddable":true,"href":"https:\/\/www.ljvsa.com.ar\/ciber\/index.php?rest_route=%2Fwp%2Fv2%2Fcomments&post=156"}],"version-history":[{"count":7,"href":"https:\/\/www.ljvsa.com.ar\/ciber\/index.php?rest_route=\/wp\/v2\/pages\/156\/revisions"}],"predecessor-version":[{"id":707,"href":"https:\/\/www.ljvsa.com.ar\/ciber\/index.php?rest_route=\/wp\/v2\/pages\/156\/revisions\/707"}],"wp:attachment":[{"href":"https:\/\/www.ljvsa.com.ar\/ciber\/index.php?rest_route=%2Fwp%2Fv2%2Fmedia&parent=156"}],"curies":[{"name":"wp","href":"https:\/\/api.w.org\/{rel}","templated":true}]}}